{"id":1766,"date":"2013-08-12T10:49:41","date_gmt":"2013-08-12T10:49:41","guid":{"rendered":"http:\/\/uzinabooks.com\/livro\/mosteiro-de-sao-martinho-de-tibaes-joao-carlos-dos-santos\/"},"modified":"2018-06-19T17:12:01","modified_gmt":"2018-06-19T17:12:01","slug":"mosteiro-de-sao-martinho-de-tibaes-joao-carlos-dos-santos","status":"publish","type":"product","link":"https:\/\/uzinabooks.com\/en\/book\/mosteiro-de-sao-martinho-de-tibaes-joao-carlos-dos-santos\/","title":{"rendered":"Mosteiro de S\u00e3o Martinho de Tib\u00e3es &#8211; Jo\u00e3o Carlos dos Santos"},"content":{"rendered":"","protected":false},"excerpt":{"rendered":"","protected":false},"featured_media":1118,"comment_status":"closed","ping_status":"closed","template":"","meta":{"_acf_changed":false},"class_list":{"0":"post-1766","1":"product","2":"type-product","3":"status-publish","4":"has-post-thumbnail","6":"product_cat-author-monograph","8":"first","9":"instock","10":"sale","11":"taxable","12":"shipping-taxable","13":"purchasable","14":"product-type-simple"},"acf":[],"aioseo_notices":[],"_links":{"self":[{"href":"https:\/\/uzinabooks.com\/en\/wp-json\/wp\/v2\/product\/1766"}],"collection":[{"href":"https:\/\/uzinabooks.com\/en\/wp-json\/wp\/v2\/product"}],"about":[{"href":"https:\/\/uzinabooks.com\/en\/wp-json\/wp\/v2\/types\/product"}],"replies":[{"embeddable":true,"href":"https:\/\/uzinabooks.com\/en\/wp-json\/wp\/v2\/comments?post=1766"}],"wp:featuredmedia":[{"embeddable":true,"href":"https:\/\/uzinabooks.com\/en\/wp-json\/wp\/v2\/media\/1118"}],"wp:attachment":[{"href":"https:\/\/uzinabooks.com\/en\/wp-json\/wp\/v2\/media?parent=1766"}],"curies":[{"name":"wp","href":"https:\/\/api.w.org\/{rel}","templated":true}]}}