{"id":1717,"date":"2018-03-16T14:45:31","date_gmt":"2018-03-16T14:45:31","guid":{"rendered":"http:\/\/uzinabooks.com\/livro\/andreas-morschel-casa-acude-reabilitacao-rua-augusta\/"},"modified":"2018-06-19T16:54:22","modified_gmt":"2018-06-19T16:54:22","slug":"andreas-morschel-casa-acude-reabilitacao-rua-augusta","status":"publish","type":"product","link":"https:\/\/uzinabooks.com\/en\/book\/andreas-morschel-casa-acude-reabilitacao-rua-augusta\/","title":{"rendered":"ANDREAS M\u00d6RSCHEL |Casa A\u00e7ude + Reabilita\u00e7\u00e3o Rua Augusta"},"content":{"rendered":"","protected":false},"excerpt":{"rendered":"","protected":false},"featured_media":1665,"comment_status":"open","ping_status":"closed","template":"","meta":{"_acf_changed":false},"class_list":{"0":"post-1717","1":"product","2":"type-product","3":"status-publish","4":"has-post-thumbnail","6":"product_cat-collection-11","8":"first","9":"instock","10":"sale","11":"taxable","12":"shipping-taxable","13":"purchasable","14":"product-type-simple"},"acf":[],"aioseo_notices":[],"_links":{"self":[{"href":"https:\/\/uzinabooks.com\/en\/wp-json\/wp\/v2\/product\/1717"}],"collection":[{"href":"https:\/\/uzinabooks.com\/en\/wp-json\/wp\/v2\/product"}],"about":[{"href":"https:\/\/uzinabooks.com\/en\/wp-json\/wp\/v2\/types\/product"}],"replies":[{"embeddable":true,"href":"https:\/\/uzinabooks.com\/en\/wp-json\/wp\/v2\/comments?post=1717"}],"wp:featuredmedia":[{"embeddable":true,"href":"https:\/\/uzinabooks.com\/en\/wp-json\/wp\/v2\/media\/1665"}],"wp:attachment":[{"href":"https:\/\/uzinabooks.com\/en\/wp-json\/wp\/v2\/media?parent=1717"}],"curies":[{"name":"wp","href":"https:\/\/api.w.org\/{rel}","templated":true}]}}